{"id":7895,"date":"2023-09-17T00:18:38","date_gmt":"2023-09-17T03:18:38","guid":{"rendered":"http:\/\/juventudes.social.mg.gov.br\/?page_id=7895"},"modified":"2026-03-27T08:01:45","modified_gmt":"2026-03-27T11:01:45","slug":"calendario","status":"publish","type":"page","link":"https:\/\/juventudes.social.mg.gov.br\/?page_id=7895","title":{"rendered":"Calend\u00e1rio"},"content":{"rendered":"\t\t<div data-elementor-type=\"wp-page\" data-elementor-id=\"7895\" class=\"elementor elementor-7895\">\n\t\t\t\t<div class=\"elementor-element elementor-element-db3ec29 e-flex e-con-boxed e-con e-parent\" data-id=\"db3ec29\" data-element_type=\"container\">\n\t\t\t\t\t<div class=\"e-con-inner\">\n\t\t\t\t<div class=\"elementor-element elementor-element-830e328 elementor-widget elementor-widget-spacer\" data-id=\"830e328\" data-element_type=\"widget\" data-widget_type=\"spacer.default\">\n\t\t\t\t<div class=\"elementor-widget-container\">\n\t\t\t\t\t\t\t<div class=\"elementor-spacer\">\n\t\t\t<div class=\"elementor-spacer-inner\"><\/div>\n\t\t<\/div>\n\t\t\t\t\t\t<\/div>\n\t\t\t\t<\/div>\n\t\t\t\t\t<\/div>\n\t\t\t\t<\/div>\n\t\t<div class=\"elementor-element elementor-element-b26482b e-con-full e-flex e-con e-parent\" data-id=\"b26482b\" data-element_type=\"container\">\n\t\t\t\t<div class=\"elementor-element elementor-element-827d378 elementor-widget elementor-widget-text-editor\" data-id=\"827d378\" data-element_type=\"widget\" data-widget_type=\"text-editor.default\">\n\t\t\t\t<div class=\"elementor-widget-container\">\n\t\t\t\t\t\t\t\t\t<p><strong>CALEND\u00c1RIO REUNI\u00d5ES PLEN\u00c1RIAS ORDIN\u00c1RIAS DO CEJUVE &#8211; 2026<\/strong><\/p><table style=\"width: 99.6023%; border-style: solid;\"><tbody><tr><td style=\"width: 24.7664%; border-style: solid;\" width=\"151\"><p><strong>M\u00caS<\/strong><\/p><\/td><td style=\"width: 24.4327%; border-style: solid;\" width=\"72\"><p><strong>DATA<\/strong><\/p><\/td><td style=\"width: 26.8635%; border-style: solid;\" width=\"89\"><p><strong>HOR\u00c1RIO<\/strong><\/p><\/td><td style=\"width: 19.8112%; border-style: solid;\" width=\"95\"><p><strong>TURNO<\/strong><\/p><\/td><td style=\"width: 51.1899%; border-style: solid;\" width=\"142\"><p><strong>OBSERVA\u00c7\u00c3O<\/strong><\/p><\/td><\/tr><tr><td style=\"width: 24.7664%; border-style: solid;\" width=\"151\"><p>Janeiro<\/p><\/td><td style=\"width: 24.4327%; border-style: solid;\" width=\"72\"><p>\u00a0<\/p><\/td><td style=\"width: 26.8635%; border-style: solid;\" width=\"89\"><p>\u00a0<\/p><\/td><td style=\"width: 19.8112%; border-style: solid;\" width=\"95\"><p>\u00a0<\/p><\/td><td style=\"width: 51.1899%; border-style: solid;\" width=\"142\">N\u00e3o houve reuni\u00e3o<\/td><\/tr><tr><td style=\"width: 24.7664%; border-style: solid;\" width=\"151\"><p>Fevereiro<\/p><\/td><td style=\"width: 24.4327%; border-style: solid;\" width=\"72\"><p>10<\/p><\/td><td style=\"width: 26.8635%; border-style: solid;\" width=\"89\"><p>14:00<\/p><\/td><td style=\"width: 19.8112%; border-style: solid;\" width=\"95\"><p>Tarde<\/p><\/td><td style=\"width: 51.1899%; border-style: solid;\" width=\"142\">Reuni\u00e3o realizada<\/td><\/tr><tr><td style=\"width: 24.7664%; border-style: solid;\" width=\"151\"><p>Mar\u00e7o<\/p><\/td><td style=\"width: 24.4327%; border-style: solid;\" width=\"72\"><p>10<\/p><\/td><td style=\"width: 26.8635%; border-style: solid;\" width=\"89\"><p>14:00<\/p><\/td><td style=\"width: 19.8112%; border-style: solid;\" width=\"95\"><p>Tarde<\/p><\/td><td style=\"width: 51.1899%; border-style: solid;\" width=\"142\">Reuni\u00e3o realizada<\/td><\/tr><tr><td style=\"width: 24.7664%; border-style: solid;\" width=\"151\"><p>Abril<\/p><\/td><td style=\"width: 24.4327%; border-style: solid;\" width=\"72\"><p>14<\/p><\/td><td style=\"width: 26.8635%; border-style: solid;\" width=\"89\"><p>14:00<\/p><\/td><td style=\"width: 19.8112%; border-style: solid;\" width=\"95\"><p>Tarde<\/p><\/td><td style=\"width: 51.1899%; border-style: solid;\" width=\"142\">\u00a0<\/td><\/tr><tr><td style=\"width: 24.7664%; border-style: solid;\" width=\"151\"><p>Maio<\/p><\/td><td style=\"width: 24.4327%; border-style: solid;\" width=\"72\"><p>12<\/p><\/td><td style=\"width: 26.8635%; border-style: solid;\" width=\"89\"><p>14:00<\/p><\/td><td style=\"width: 19.8112%; border-style: solid;\" width=\"95\"><p>Tarde<\/p><\/td><td style=\"width: 51.1899%; border-style: solid;\" width=\"142\">\u00a0<\/td><\/tr><tr><td style=\"width: 24.7664%; border-style: solid;\" width=\"151\"><p>Junho<\/p><\/td><td style=\"width: 24.4327%; border-style: solid;\" width=\"72\"><p>09<\/p><\/td><td style=\"width: 26.8635%; border-style: solid;\" width=\"89\"><p>14:00<\/p><\/td><td style=\"width: 19.8112%; border-style: solid;\" width=\"95\"><p>Tarde<\/p><\/td><td style=\"width: 51.1899%; border-style: solid;\" width=\"142\">\u00a0<\/td><\/tr><tr><td style=\"width: 24.7664%; border-style: solid;\" width=\"151\"><p>Julho<\/p><\/td><td style=\"width: 24.4327%; border-style: solid;\" width=\"72\"><p>14<\/p><\/td><td style=\"width: 26.8635%; border-style: solid;\" width=\"89\"><p>14:00<\/p><\/td><td style=\"width: 19.8112%; border-style: solid;\" width=\"95\"><p>Tarde<\/p><\/td><td style=\"width: 51.1899%; border-style: solid;\" width=\"142\">\u00a0<\/td><\/tr><tr><td style=\"width: 24.7664%; border-style: solid;\" width=\"151\"><p>Agosto<\/p><\/td><td style=\"width: 24.4327%; border-style: solid;\" width=\"72\"><p>11<\/p><\/td><td style=\"width: 26.8635%; border-style: solid;\" width=\"89\"><p>14:00<\/p><\/td><td style=\"width: 19.8112%; border-style: solid;\" width=\"95\"><p>Tarde<\/p><\/td><td style=\"width: 51.1899%; border-style: solid;\" width=\"142\">\u00a0<\/td><\/tr><tr><td style=\"width: 24.7664%; border-style: solid;\" width=\"151\"><p>Setembro<\/p><\/td><td style=\"width: 24.4327%; border-style: solid;\" width=\"72\"><p>08<\/p><\/td><td style=\"width: 26.8635%; border-style: solid;\" width=\"89\"><p>14:00<\/p><\/td><td style=\"width: 19.8112%; border-style: solid;\" width=\"95\"><p>Tarde<\/p><\/td><td style=\"width: 51.1899%; border-style: solid;\" width=\"142\">\u00a0<\/td><\/tr><tr><td style=\"width: 24.7664%; border-style: solid;\" width=\"151\"><p>Outubro<\/p><\/td><td style=\"width: 24.4327%; border-style: solid;\" width=\"72\"><p>13<\/p><\/td><td style=\"width: 26.8635%; border-style: solid;\" width=\"89\">\u00a0<\/td><td style=\"width: 19.8112%; border-style: solid;\" width=\"95\">\u00a0<\/td><td style=\"width: 51.1899%; border-style: solid;\" width=\"142\"><p>Feriado 12<\/p><\/td><\/tr><tr><td style=\"width: 24.7664%; border-style: solid;\" width=\"151\"><p>Novembro<\/p><\/td><td style=\"width: 24.4327%; border-style: solid;\" width=\"72\"><p>10<\/p><\/td><td style=\"width: 26.8635%; border-style: solid;\" width=\"89\"><p>14:00<\/p><\/td><td style=\"width: 19.8112%; border-style: solid;\" width=\"95\"><p>Tarde<\/p><\/td><td style=\"width: 51.1899%; border-style: solid;\" width=\"142\">\u00a0<\/td><\/tr><tr><td style=\"width: 24.7664%; border-style: solid;\" width=\"151\"><p>Dezembro<\/p><\/td><td style=\"width: 24.4327%; border-style: solid;\" width=\"72\"><p>01<\/p><\/td><td style=\"width: 26.8635%; border-style: solid;\" width=\"89\">14:00<\/td><td style=\"width: 19.8112%; border-style: solid;\" width=\"95\">Tarde<\/td><td style=\"width: 51.1899%; border-style: solid;\" width=\"142\"><p>Realizar-se \u00e0, excepcionalmente, no dia 01\/12, em raz\u00e3o do feriado de 08\/12<\/p><\/td><\/tr><\/tbody><\/table><p><strong>CALEND\u00c1RIO REUNI\u00d5ES PLEN\u00c1RIAS EXTRAORDIN\u00c1RIAS DO CEJUVE &#8211; 2026<\/strong><\/p><table style=\"border-style: solid;\"><tbody><tr><td style=\"border-style: solid;\" width=\"151\"><p><strong>M\u00caS<\/strong><\/p><\/td><td style=\"border-style: solid;\" width=\"72\"><p><strong>DATA<\/strong><\/p><\/td><td style=\"border-style: solid;\" width=\"89\"><p><strong>HOR\u00c1RIO<\/strong><\/p><\/td><td style=\"border-style: solid;\" width=\"95\"><p><strong>TURNO<\/strong><\/p><\/td><td style=\"border-style: solid;\" width=\"142\"><p><strong>OBSERVA\u00c7\u00c3O<\/strong><\/p><\/td><\/tr><tr><td style=\"border-style: solid;\" width=\"151\"><p>Janeiro<\/p><\/td><td style=\"border-style: solid;\" width=\"72\">28<\/td><td style=\"border-style: solid;\" width=\"89\">14:00<\/td><td style=\"border-style: solid;\" width=\"95\">Tarde<\/td><td style=\"border-style: solid;\" width=\"142\">Reuni\u00e3o realizada<\/td><\/tr><tr><td style=\"border-style: solid;\" width=\"151\"><p>Fevereiro<\/p><\/td><td style=\"border-style: solid;\" width=\"72\">\u00a0<\/td><td style=\"border-style: solid;\" width=\"89\">\u00a0<\/td><td style=\"border-style: solid;\" width=\"95\">\u00a0<\/td><td style=\"border-style: solid;\" width=\"142\">\u00a0<\/td><\/tr><tr><td style=\"border-style: solid;\" width=\"151\"><p>Mar\u00e7o<\/p><\/td><td style=\"border-style: solid;\" width=\"72\">\u00a0<\/td><td style=\"border-style: solid;\" width=\"89\">\u00a0<\/td><td style=\"border-style: solid;\" width=\"95\">\u00a0<\/td><td style=\"border-style: solid;\" width=\"142\">\u00a0<\/td><\/tr><tr><td style=\"border-style: solid;\" width=\"151\"><p>Abril<\/p><\/td><td style=\"border-style: solid;\" width=\"72\">\u00a0<\/td><td style=\"border-style: solid;\" width=\"89\">\u00a0<\/td><td style=\"border-style: solid;\" width=\"95\">\u00a0<\/td><td style=\"border-style: solid;\" width=\"142\">\u00a0<\/td><\/tr><tr><td style=\"border-style: solid;\" width=\"151\"><p>Maio<\/p><\/td><td style=\"border-style: solid;\" width=\"72\">\u00a0<\/td><td style=\"border-style: solid;\" width=\"89\">\u00a0<\/td><td style=\"border-style: solid;\" width=\"95\">\u00a0<\/td><td style=\"border-style: solid;\" width=\"142\">\u00a0<\/td><\/tr><tr><td style=\"border-style: solid;\" width=\"151\"><p>Junho<\/p><\/td><td style=\"border-style: solid;\" width=\"72\">\u00a0<\/td><td style=\"border-style: solid;\" width=\"89\">\u00a0<\/td><td style=\"border-style: solid;\" width=\"95\">\u00a0<\/td><td style=\"border-style: solid;\" width=\"142\">\u00a0<\/td><\/tr><tr><td style=\"border-style: solid;\" width=\"151\"><p>Julho<\/p><\/td><td style=\"border-style: solid;\" width=\"72\">\u00a0<\/td><td style=\"border-style: solid;\" width=\"89\">\u00a0<\/td><td style=\"border-style: solid;\" width=\"95\">\u00a0<\/td><td style=\"border-style: solid;\" width=\"142\">\u00a0<\/td><\/tr><tr><td style=\"border-style: solid;\" width=\"151\"><p>Agosto<\/p><\/td><td style=\"border-style: solid;\" width=\"72\">\u00a0<\/td><td style=\"border-style: solid;\" width=\"89\">\u00a0<\/td><td style=\"border-style: solid;\" width=\"95\">\u00a0<\/td><td style=\"border-style: solid;\" width=\"142\">\u00a0<\/td><\/tr><tr><td style=\"border-style: solid;\" width=\"151\"><p>Setembro<\/p><\/td><td style=\"border-style: solid;\" width=\"72\">\u00a0<\/td><td style=\"border-style: solid;\" width=\"89\">\u00a0<\/td><td style=\"border-style: solid;\" width=\"95\">\u00a0<\/td><td style=\"border-style: solid;\" width=\"142\">\u00a0<\/td><\/tr><tr><td style=\"border-style: solid;\" width=\"151\"><p>Outubro<\/p><\/td><td style=\"border-style: solid;\" width=\"72\">\u00a0<\/td><td style=\"border-style: solid;\" width=\"89\">\u00a0<\/td><td style=\"border-style: solid;\" width=\"95\">\u00a0<\/td><td style=\"border-style: solid;\" width=\"142\">\u00a0<\/td><\/tr><tr><td style=\"border-style: solid;\" width=\"151\"><p>Novembro<\/p><\/td><td style=\"border-style: solid;\" width=\"72\">\u00a0<\/td><td style=\"border-style: solid;\" width=\"89\">\u00a0<\/td><td style=\"border-style: solid;\" width=\"95\">\u00a0<\/td><td style=\"border-style: solid;\" width=\"142\">\u00a0<\/td><\/tr><tr><td style=\"border-style: solid;\" width=\"151\"><p>Dezembro<\/p><\/td><td style=\"border-style: solid;\" width=\"72\">\u00a0<\/td><td style=\"border-style: solid;\" width=\"89\">\u00a0<\/td><td style=\"border-style: solid;\" width=\"95\">\u00a0<\/td><td style=\"border-style: solid;\" width=\"142\">\u00a0<\/td><\/tr><\/tbody><\/table><p><strong>\u00a0<\/strong><\/p><p>Reuni\u00f5es nas segundas ter\u00e7a de cada m\u00eas, hor\u00e1rio: \u00e0s 14:00 horas, conforme aprovado em plen\u00e1rio.<\/p><p><strong>Observa\u00e7\u00e3o:<\/strong> Podendo ter altera\u00e7\u00f5es nas datas e hor\u00e1rios no decorrer dos meses, conforme solicitado pelos conselheiros e Mesa Diretora.<\/p>\t\t\t\t\t\t\t\t<\/div>\n\t\t\t\t<\/div>\n\t\t\t\t<\/div>\n\t\t<div class=\"elementor-element elementor-element-4e99876 e-flex e-con-boxed e-con e-parent\" data-id=\"4e99876\" data-element_type=\"container\">\n\t\t\t\t\t<div class=\"e-con-inner\">\n\t\t\t\t\t<\/div>\n\t\t\t\t<\/div>\n\t\t\t\t<\/div>\n\t\t","protected":false},"excerpt":{"rendered":"<p>CALEND\u00c1RIO REUNI\u00d5ES PLEN\u00c1RIAS ORDIN\u00c1RIAS DO CEJUVE &#8211; 2026 M\u00caS DATA HOR\u00c1RIO TURNO OBSERVA\u00c7\u00c3O Janeiro \u00a0 \u00a0 \u00a0 N\u00e3o houve reuni\u00e3o Fevereiro 10 14:00 Tarde Reuni\u00e3o realizada Mar\u00e7o 10 14:00 Tarde Reuni\u00e3o realizada Abril 14 14:00 Tarde \u00a0 Maio 12 14:00 Tarde \u00a0 Junho 09 14:00 Tarde \u00a0 Julho 14 14:00 Tarde \u00a0 Agosto 11 14:00 &hellip; <\/p>\n<p class=\"link-more\"><a href=\"https:\/\/juventudes.social.mg.gov.br\/?page_id=7895\" class=\"more-link\">Leia mais<span class=\"screen-reader-text\"> &#8220;Calend\u00e1rio&#8221;<\/span><\/a><\/p>\n","protected":false},"author":2,"featured_media":7579,"parent":5592,"menu_order":0,"comment_status":"closed","ping_status":"closed","template":"page-templates\/full-width-builder-bb.php","meta":{"footnotes":""},"class_list":["post-7895","page","type-page","status-publish","has-post-thumbnail","hentry"],"aioseo_notices":[],"featured_media_urls":{"thumbnail":["https:\/\/juventudes.social.mg.gov.br\/wp-content\/uploads\/2023\/09\/MARCA-4-150x150.png",150,150,true],"medium":["https:\/\/juventudes.social.mg.gov.br\/wp-content\/uploads\/2023\/09\/MARCA-4-300x169.png",300,169,true],"medium_large":["https:\/\/juventudes.social.mg.gov.br\/wp-content\/uploads\/2023\/09\/MARCA-4-768x432.png",768,432,true],"large":["https:\/\/juventudes.social.mg.gov.br\/wp-content\/uploads\/2023\/09\/MARCA-4-1024x576.png",950,534,true],"1536x1536":["https:\/\/juventudes.social.mg.gov.br\/wp-content\/uploads\/2023\/09\/MARCA-4-1536x864.png",1536,864,true],"2048x2048":["https:\/\/juventudes.social.mg.gov.br\/wp-content\/uploads\/2023\/09\/MARCA-4-2048x2048.png",2048,2048,true],"inspiro-featured-image":["https:\/\/juventudes.social.mg.gov.br\/wp-content\/uploads\/2023\/09\/MARCA-4-2000x1125.png",2000,1125,true],"inspiro-loop":["https:\/\/juventudes.social.mg.gov.br\/wp-content\/uploads\/2023\/09\/MARCA-4-950x320.png",950,320,true],"inspiro-loop@2x":["https:\/\/juventudes.social.mg.gov.br\/wp-content\/uploads\/2023\/09\/MARCA-4-1900x640.png",1900,640,true],"portfolio_item-thumbnail":["https:\/\/juventudes.social.mg.gov.br\/wp-content\/uploads\/2023\/09\/MARCA-4-600x400.png",600,400,true],"portfolio_item-thumbnail@2x":["https:\/\/juventudes.social.mg.gov.br\/wp-content\/uploads\/2023\/09\/MARCA-4-1200x800.png",1200,800,true],"portfolio_item-masonry":["https:\/\/juventudes.social.mg.gov.br\/wp-content\/uploads\/2023\/09\/MARCA-4-600x338.png",600,338,true],"portfolio_item-masonry@2x":["https:\/\/juventudes.social.mg.gov.br\/wp-content\/uploads\/2023\/09\/MARCA-4-1200x675.png",1200,675,true],"portfolio_item-thumbnail_cinema":["https:\/\/juventudes.social.mg.gov.br\/wp-content\/uploads\/2023\/09\/MARCA-4-800x335.png",800,335,true],"portfolio_item-thumbnail_portrait":["https:\/\/juventudes.social.mg.gov.br\/wp-content\/uploads\/2023\/09\/MARCA-4-600x900.png",600,900,true],"portfolio_item-thumbnail_portrait@2x":["https:\/\/juventudes.social.mg.gov.br\/wp-content\/uploads\/2023\/09\/MARCA-4-1200x1080.png",1200,1080,true],"portfolio_item-thumbnail_square":["https:\/\/juventudes.social.mg.gov.br\/wp-content\/uploads\/2023\/09\/MARCA-4-800x800.png",800,800,true]},"_links":{"self":[{"href":"https:\/\/juventudes.social.mg.gov.br\/index.php?rest_route=\/wp\/v2\/pages\/7895","targetHints":{"allow":["GET"]}}],"collection":[{"href":"https:\/\/juventudes.social.mg.gov.br\/index.php?rest_route=\/wp\/v2\/pages"}],"about":[{"href":"https:\/\/juventudes.social.mg.gov.br\/index.php?rest_route=\/wp\/v2\/types\/page"}],"author":[{"embeddable":true,"href":"https:\/\/juventudes.social.mg.gov.br\/index.php?rest_route=\/wp\/v2\/users\/2"}],"replies":[{"embeddable":true,"href":"https:\/\/juventudes.social.mg.gov.br\/index.php?rest_route=%2Fwp%2Fv2%2Fcomments&post=7895"}],"version-history":[{"count":126,"href":"https:\/\/juventudes.social.mg.gov.br\/index.php?rest_route=\/wp\/v2\/pages\/7895\/revisions"}],"predecessor-version":[{"id":9394,"href":"https:\/\/juventudes.social.mg.gov.br\/index.php?rest_route=\/wp\/v2\/pages\/7895\/revisions\/9394"}],"up":[{"embeddable":true,"href":"https:\/\/juventudes.social.mg.gov.br\/index.php?rest_route=\/wp\/v2\/pages\/5592"}],"wp:featuredmedia":[{"embeddable":true,"href":"https:\/\/juventudes.social.mg.gov.br\/index.php?rest_route=\/wp\/v2\/media\/7579"}],"wp:attachment":[{"href":"https:\/\/juventudes.social.mg.gov.br\/index.php?rest_route=%2Fwp%2Fv2%2Fmedia&parent=7895"}],"curies":[{"name":"wp","href":"https:\/\/api.w.org\/{rel}","templated":true}]}}