{"id":6739,"date":"2023-09-14T17:03:48","date_gmt":"2023-09-14T20:03:48","guid":{"rendered":"http:\/\/juventudes.social.mg.gov.br\/?page_id=6739"},"modified":"2023-09-17T00:09:08","modified_gmt":"2023-09-17T03:09:08","slug":"eventos","status":"publish","type":"page","link":"https:\/\/juventudes.social.mg.gov.br\/?page_id=6739","title":{"rendered":"Eventos"},"content":{"rendered":"\t\t<div data-elementor-type=\"wp-page\" data-elementor-id=\"6739\" class=\"elementor elementor-6739\">\n\t\t\t\t<div class=\"elementor-element elementor-element-4d3a1bd e-flex e-con-boxed e-con e-parent\" data-id=\"4d3a1bd\" data-element_type=\"container\">\n\t\t\t\t\t<div class=\"e-con-inner\">\n\t\t\t\t<div class=\"elementor-element elementor-element-076647c elementor-grid-2 elementor-grid-tablet-2 elementor-grid-mobile-1 elementor-widget elementor-widget-wpzoom-elementor-addons-posts-grid\" data-id=\"076647c\" data-element_type=\"widget\" data-settings=\"{&quot;columns&quot;:&quot;2&quot;,&quot;columns_tablet&quot;:&quot;2&quot;,&quot;columns_mobile&quot;:&quot;1&quot;}\" data-widget_type=\"wpzoom-elementor-addons-posts-grid.default\">\n\t\t\t\t<div class=\"elementor-widget-container\">\n\t\t\t\t\t\t\t<div \n\t\t\tclass=\"wpz-grid\" \n\t\t\tdata-uid=\"076647c\"\n\t\t\tdata-offset=\"4\"\n\t\t\tdata-posts-grid='{\"posts_per_page\":4,\"post_status\":\"publish\",\"paged\":1,\"post__not_in\":[],\"ignore_sticky_posts\":true,\"category_name\":\"\",\"orderby\":\"post_date\",\"order\":\"desc\",\"offset\":4,\"show_image\":\"yes\",\"post_thumbnail_size\":\"full\",\"show_title\":\"yes\",\"title_tag\":\"h3\",\"meta_data\":[\"date\",\"comments\"],\"show_excerpt\":\"yes\",\"excerpt_length\":25,\"show_read_more\":\"yes\",\"read_more_text\":\"Leia mais \\u00bb\",\"grid_style\":\"5\",\"total\":4}'>\n\t\t\t\t\t\t<div class=\"wpz-grid-container elementor-grid wpz-grid-desktop-2  wpz-grid-tablet-2  wpz-grid-mobile-1  grid-meta-bottom\">\n\t\t\t\t\n        <article id=\"post-9243\" class=\"wpz-post post-9243 post type-post status-publish format-standard has-post-thumbnail hentry category-artigos category-eventos\">\n         \n            <div class=\"post-grid-inner\">\n            \t\n            \t\t\t\t<div class=\"post-grid-thumbnail\">\n\t\t\t\t<a href=\"https:\/\/juventudes.social.mg.gov.br\/?p=9243\" title=\"Participa\u00e7\u00e3o dos Conselheiros Estaduais da Juventude de Minas Gerais na Abertura do DLI 2025\">\n\t\t\t\t\t<img fetchpriority=\"high\" decoding=\"async\" width=\"1200\" height=\"1600\" src=\"https:\/\/juventudes.social.mg.gov.br\/wp-content\/uploads\/2025\/06\/DLI.jpg\" class=\"attachment-full size-full wp-post-image\" alt=\"\" srcset=\"https:\/\/juventudes.social.mg.gov.br\/wp-content\/uploads\/2025\/06\/DLI.jpg 1200w, https:\/\/juventudes.social.mg.gov.br\/wp-content\/uploads\/2025\/06\/DLI-225x300.jpg 225w, https:\/\/juventudes.social.mg.gov.br\/wp-content\/uploads\/2025\/06\/DLI-768x1024.jpg 768w, https:\/\/juventudes.social.mg.gov.br\/wp-content\/uploads\/2025\/06\/DLI-1152x1536.jpg 1152w, https:\/\/juventudes.social.mg.gov.br\/wp-content\/uploads\/2025\/06\/DLI-600x800.jpg 600w\" sizes=\"100vw\" \/>\t\t\t\t<\/a>\n\t\t\t<\/div>\n\t\t\n                <div class=\"post-grid-text-wrap\">\n               \t\t\t\t<h3 class=\"title\">\n\t\t\t<a href=\"https:\/\/juventudes.social.mg.gov.br\/?p=9243\" title=\"Participa\u00e7\u00e3o dos Conselheiros Estaduais da Juventude de Minas Gerais na Abertura do DLI 2025\">Participa\u00e7\u00e3o dos Conselheiros Estaduais da Juventude de Minas Gerais na Abertura do DLI 2025<\/a>\n\t\t<\/h3>\n\t\t\t                <div class=\"post-grid-excerpt\"><p>Na noite de quarta-feira, 28 de maio, os Conselheiros Estaduais da Juventude de Minas Gerais, Breendon Costa, Frederico Barbeitos e Vit\u00f3ria Melo participaram da abertura&hellip;<\/p>\n<\/div>\t                <a class=\"read-more-btn\" href=\"https:\/\/juventudes.social.mg.gov.br\/?p=9243\">Leia mais \u00bb<\/a>                <\/div>\n\n                \t\t<div class=\"post-grid-meta\">\n\t\t\t<span class=\"post-date\">3 de junho de 2025<\/span><span class=\"post-comments\">Nenhum coment\u00e1rio<\/span>\t\t<\/div>\n\t\t\n            <\/div><!-- .blog-inner -->\n           \n        <\/article>\n\n        \n        <article id=\"post-7320\" class=\"wpz-post post-7320 post type-post status-publish format-standard has-post-thumbnail hentry category-eventos\">\n         \n            <div class=\"post-grid-inner\">\n            \t\n            \t\t\t\t<div class=\"post-grid-thumbnail\">\n\t\t\t\t<a href=\"https:\/\/juventudes.social.mg.gov.br\/?p=7320\" title=\"Cejuve MG Representa a Juventude Mineira na ExpoFavela Minas\">\n\t\t\t\t\t<img decoding=\"async\" width=\"2000\" height=\"673\" src=\"https:\/\/juventudes.social.mg.gov.br\/wp-content\/uploads\/2023\/09\/Inserir-um-titulo-16-e1694839056398.png\" class=\"attachment-full size-full wp-post-image\" alt=\"\" srcset=\"https:\/\/juventudes.social.mg.gov.br\/wp-content\/uploads\/2023\/09\/Inserir-um-titulo-16-e1694839056398.png 2000w, https:\/\/juventudes.social.mg.gov.br\/wp-content\/uploads\/2023\/09\/Inserir-um-titulo-16-e1694839056398-300x101.png 300w, https:\/\/juventudes.social.mg.gov.br\/wp-content\/uploads\/2023\/09\/Inserir-um-titulo-16-e1694839056398-1024x345.png 1024w, https:\/\/juventudes.social.mg.gov.br\/wp-content\/uploads\/2023\/09\/Inserir-um-titulo-16-e1694839056398-768x258.png 768w, https:\/\/juventudes.social.mg.gov.br\/wp-content\/uploads\/2023\/09\/Inserir-um-titulo-16-e1694839056398-1536x517.png 1536w, https:\/\/juventudes.social.mg.gov.br\/wp-content\/uploads\/2023\/09\/Inserir-um-titulo-16-e1694839056398-950x320.png 950w, https:\/\/juventudes.social.mg.gov.br\/wp-content\/uploads\/2023\/09\/Inserir-um-titulo-16-e1694839056398-1900x640.png 1900w, https:\/\/juventudes.social.mg.gov.br\/wp-content\/uploads\/2023\/09\/Inserir-um-titulo-16-e1694839056398-600x202.png 600w, https:\/\/juventudes.social.mg.gov.br\/wp-content\/uploads\/2023\/09\/Inserir-um-titulo-16-e1694839056398-1200x404.png 1200w\" sizes=\"100vw\" \/>\t\t\t\t<\/a>\n\t\t\t<\/div>\n\t\t\n                <div class=\"post-grid-text-wrap\">\n               \t\t\t\t<h3 class=\"title\">\n\t\t\t<a href=\"https:\/\/juventudes.social.mg.gov.br\/?p=7320\" title=\"Cejuve MG Representa a Juventude Mineira na ExpoFavela Minas\">Cejuve MG Representa a Juventude Mineira na ExpoFavela Minas<\/a>\n\t\t<\/h3>\n\t\t\t                <div class=\"post-grid-excerpt\"><p>Ontem, no dia 15 de setembro de 2023, a Presidente do Cejuve MG, B\u00e1rbara Abras, integrou na&nbsp;ExpoFavela Minas&nbsp;o painel \u201cO Centro de Refer\u00eancia das Juventudes&hellip;<\/p>\n<\/div>\t                <a class=\"read-more-btn\" href=\"https:\/\/juventudes.social.mg.gov.br\/?p=7320\">Leia mais \u00bb<\/a>                <\/div>\n\n                \t\t<div class=\"post-grid-meta\">\n\t\t\t<span class=\"post-date\">16 de setembro de 2023<\/span><span class=\"post-comments\">25.619 Coment\u00e1rios<\/span>\t\t<\/div>\n\t\t\n            <\/div><!-- .blog-inner -->\n           \n        <\/article>\n\n        \n        <article id=\"post-7304\" class=\"wpz-post post-7304 post type-post status-publish format-standard has-post-thumbnail hentry category-eventos\">\n         \n            <div class=\"post-grid-inner\">\n            \t\n            \t\t\t\t<div class=\"post-grid-thumbnail\">\n\t\t\t\t<a href=\"https:\/\/juventudes.social.mg.gov.br\/?p=7304\" title=\"F\u00f3rum das Juventudes Mineiras Sobre o Novo Ensino M\u00e9dio\">\n\t\t\t\t\t<img decoding=\"async\" width=\"2000\" height=\"656\" src=\"https:\/\/juventudes.social.mg.gov.br\/wp-content\/uploads\/2023\/09\/Inserir-um-titulo-14-e1694838170110.png\" class=\"attachment-full size-full wp-post-image\" alt=\"\" srcset=\"https:\/\/juventudes.social.mg.gov.br\/wp-content\/uploads\/2023\/09\/Inserir-um-titulo-14-e1694838170110.png 2000w, https:\/\/juventudes.social.mg.gov.br\/wp-content\/uploads\/2023\/09\/Inserir-um-titulo-14-e1694838170110-300x98.png 300w, https:\/\/juventudes.social.mg.gov.br\/wp-content\/uploads\/2023\/09\/Inserir-um-titulo-14-e1694838170110-1024x336.png 1024w, https:\/\/juventudes.social.mg.gov.br\/wp-content\/uploads\/2023\/09\/Inserir-um-titulo-14-e1694838170110-768x252.png 768w, https:\/\/juventudes.social.mg.gov.br\/wp-content\/uploads\/2023\/09\/Inserir-um-titulo-14-e1694838170110-1536x504.png 1536w, https:\/\/juventudes.social.mg.gov.br\/wp-content\/uploads\/2023\/09\/Inserir-um-titulo-14-e1694838170110-600x197.png 600w, https:\/\/juventudes.social.mg.gov.br\/wp-content\/uploads\/2023\/09\/Inserir-um-titulo-14-e1694838170110-1200x394.png 1200w\" sizes=\"100vw\" \/>\t\t\t\t<\/a>\n\t\t\t<\/div>\n\t\t\n                <div class=\"post-grid-text-wrap\">\n               \t\t\t\t<h3 class=\"title\">\n\t\t\t<a href=\"https:\/\/juventudes.social.mg.gov.br\/?p=7304\" title=\"F\u00f3rum das Juventudes Mineiras Sobre o Novo Ensino M\u00e9dio\">F\u00f3rum das Juventudes Mineiras Sobre o Novo Ensino M\u00e9dio<\/a>\n\t\t<\/h3>\n\t\t\t                <div class=\"post-grid-excerpt\"><p>Na manh\u00e3 da \u00faltima segunda-feira, dia 11 de setembro de 2023, o Conselho Estadual da Juventude de Minas Gerais &#8211; CEJUVE\/MG realizou o F\u00d3RUM DAS&hellip;<\/p>\n<\/div>\t                <a class=\"read-more-btn\" href=\"https:\/\/juventudes.social.mg.gov.br\/?p=7304\">Leia mais \u00bb<\/a>                <\/div>\n\n                \t\t<div class=\"post-grid-meta\">\n\t\t\t<span class=\"post-date\">16 de setembro de 2023<\/span><span class=\"post-comments\">21.309 Coment\u00e1rios<\/span>\t\t<\/div>\n\t\t\n            <\/div><!-- .blog-inner -->\n           \n        <\/article>\n\n        \n        <article id=\"post-7267\" class=\"wpz-post post-7267 post type-post status-publish format-standard has-post-thumbnail hentry category-eventos\">\n         \n            <div class=\"post-grid-inner\">\n            \t\n            \t\t\t\t<div class=\"post-grid-thumbnail\">\n\t\t\t\t<a href=\"https:\/\/juventudes.social.mg.gov.br\/?p=7267\" title=\"Semana Estadual das Juventudes 2023\">\n\t\t\t\t\t<img loading=\"lazy\" decoding=\"async\" width=\"1600\" height=\"496\" src=\"https:\/\/juventudes.social.mg.gov.br\/wp-content\/uploads\/2023\/09\/Img_padrao_evento-e1694832769742.png\" class=\"attachment-full size-full wp-post-image\" alt=\"\" srcset=\"https:\/\/juventudes.social.mg.gov.br\/wp-content\/uploads\/2023\/09\/Img_padrao_evento-e1694832769742.png 1600w, https:\/\/juventudes.social.mg.gov.br\/wp-content\/uploads\/2023\/09\/Img_padrao_evento-e1694832769742-300x93.png 300w, https:\/\/juventudes.social.mg.gov.br\/wp-content\/uploads\/2023\/09\/Img_padrao_evento-e1694832769742-1024x317.png 1024w, https:\/\/juventudes.social.mg.gov.br\/wp-content\/uploads\/2023\/09\/Img_padrao_evento-e1694832769742-768x238.png 768w, https:\/\/juventudes.social.mg.gov.br\/wp-content\/uploads\/2023\/09\/Img_padrao_evento-e1694832769742-1536x476.png 1536w, https:\/\/juventudes.social.mg.gov.br\/wp-content\/uploads\/2023\/09\/Img_padrao_evento-e1694832769742-600x186.png 600w, https:\/\/juventudes.social.mg.gov.br\/wp-content\/uploads\/2023\/09\/Img_padrao_evento-e1694832769742-1200x372.png 1200w\" sizes=\"100vw\" \/>\t\t\t\t<\/a>\n\t\t\t<\/div>\n\t\t\n                <div class=\"post-grid-text-wrap\">\n               \t\t\t\t<h3 class=\"title\">\n\t\t\t<a href=\"https:\/\/juventudes.social.mg.gov.br\/?p=7267\" title=\"Semana Estadual das Juventudes 2023\">Semana Estadual das Juventudes 2023<\/a>\n\t\t<\/h3>\n\t\t\t                <div class=\"post-grid-excerpt\"><p>A Semana Estadual das Juventudes \u00e9 um evento que acontece todo ano de 12 a 18 de agosto, por defini\u00e7\u00e3o em Lei. Em 2023 foi&hellip;<\/p>\n<\/div>\t                <a class=\"read-more-btn\" href=\"https:\/\/juventudes.social.mg.gov.br\/?p=7267\">Leia mais \u00bb<\/a>                <\/div>\n\n                \t\t<div class=\"post-grid-meta\">\n\t\t\t<span class=\"post-date\">16 de setembro de 2023<\/span><span class=\"post-comments\">24.978 Coment\u00e1rios<\/span>\t\t<\/div>\n\t\t\n            <\/div><!-- .blog-inner -->\n           \n        <\/article>\n\n        \t\t\t<\/div>\n\n\t\t\t\t\t\t\t\t\n\t\t<\/div><!-- \/\/.wpz-grid -->\n\t\t\t\t\t\t<\/div>\n\t\t\t\t<\/div>\n\t\t\t\t\t<\/div>\n\t\t\t\t<\/div>\n\t\t\t\t<\/div>\n\t\t","protected":false},"excerpt":{"rendered":"<p>Ol\u00e1, mundo! Boas-vindas ao WordPress. Esse \u00e9 o seu primeiro post. Edite-o ou exclua-o, e ent\u00e3o comece a escrever! Leia mais \u00bb 1 de setembro de 20231 coment\u00e1rio Gutenberg Sample Post This is some dummy copy. You\u2019re not really supposed to read this dummy copy, it is just a placeholder for people who need some &hellip; <\/p>\n<p class=\"link-more\"><a href=\"https:\/\/juventudes.social.mg.gov.br\/?p=7267\" class=\"more-link\">Leia mais<span class=\"screen-reader-text\"> &#8220;Semana Estadual das Juventudes 2023&#8221;<\/span><\/a><\/p>\n","protected":false},"author":1,"featured_media":7894,"parent":4684,"menu_order":0,"comment_status":"open","ping_status":"closed","template":"","meta":{"footnotes":""},"class_list":["post-6739","page","type-page","status-publish","has-post-thumbnail","hentry"],"aioseo_notices":[],"featured_media_urls":{"thumbnail":["https:\/\/juventudes.social.mg.gov.br\/wp-content\/uploads\/2023\/09\/MARCA-6-e1694920142426-150x150.png",150,150,true],"medium":["https:\/\/juventudes.social.mg.gov.br\/wp-content\/uploads\/2023\/09\/MARCA-6-e1694920142426-300x130.png",300,130,true],"medium_large":["https:\/\/juventudes.social.mg.gov.br\/wp-content\/uploads\/2023\/09\/MARCA-6-e1694920142426-768x333.png",768,333,true],"large":["https:\/\/juventudes.social.mg.gov.br\/wp-content\/uploads\/2023\/09\/MARCA-6-e1694920142426-1024x444.png",950,412,true],"1536x1536":["https:\/\/juventudes.social.mg.gov.br\/wp-content\/uploads\/2023\/09\/MARCA-6-e1694920142426-1536x666.png",1536,666,true],"2048x2048":["https:\/\/juventudes.social.mg.gov.br\/wp-content\/uploads\/2023\/09\/MARCA-6-e1694920142426.png",1920,832,false],"inspiro-featured-image":["https:\/\/juventudes.social.mg.gov.br\/wp-content\/uploads\/2023\/09\/MARCA-6-e1694920142426.png",1920,832,false],"inspiro-loop":["https:\/\/juventudes.social.mg.gov.br\/wp-content\/uploads\/2023\/09\/MARCA-6-e1694920142426-950x320.png",950,320,true],"inspiro-loop@2x":["https:\/\/juventudes.social.mg.gov.br\/wp-content\/uploads\/2023\/09\/MARCA-6-e1694920142426-1900x640.png",1900,640,true],"portfolio_item-thumbnail":["https:\/\/juventudes.social.mg.gov.br\/wp-content\/uploads\/2023\/09\/MARCA-6-e1694920142426-600x400.png",600,400,true],"portfolio_item-thumbnail@2x":["https:\/\/juventudes.social.mg.gov.br\/wp-content\/uploads\/2023\/09\/MARCA-6-e1694920142426-1200x800.png",1200,800,true],"portfolio_item-masonry":["https:\/\/juventudes.social.mg.gov.br\/wp-content\/uploads\/2023\/09\/MARCA-6-e1694920142426-600x260.png",600,260,true],"portfolio_item-masonry@2x":["https:\/\/juventudes.social.mg.gov.br\/wp-content\/uploads\/2023\/09\/MARCA-6-e1694920142426-1200x520.png",1200,520,true],"portfolio_item-thumbnail_cinema":["https:\/\/juventudes.social.mg.gov.br\/wp-content\/uploads\/2023\/09\/MARCA-6-e1694920142426-800x335.png",800,335,true],"portfolio_item-thumbnail_portrait":["https:\/\/juventudes.social.mg.gov.br\/wp-content\/uploads\/2023\/09\/MARCA-6-e1694920142426-600x832.png",600,832,true],"portfolio_item-thumbnail_portrait@2x":["https:\/\/juventudes.social.mg.gov.br\/wp-content\/uploads\/2023\/09\/MARCA-6-e1694920142426-1200x832.png",1200,832,true],"portfolio_item-thumbnail_square":["https:\/\/juventudes.social.mg.gov.br\/wp-content\/uploads\/2023\/09\/MARCA-6-e1694920142426-800x800.png",800,800,true]},"_links":{"self":[{"href":"https:\/\/juventudes.social.mg.gov.br\/index.php?rest_route=\/wp\/v2\/pages\/6739","targetHints":{"allow":["GET"]}}],"collection":[{"href":"https:\/\/juventudes.social.mg.gov.br\/index.php?rest_route=\/wp\/v2\/pages"}],"about":[{"href":"https:\/\/juventudes.social.mg.gov.br\/index.php?rest_route=\/wp\/v2\/types\/page"}],"author":[{"embeddable":true,"href":"https:\/\/juventudes.social.mg.gov.br\/index.php?rest_route=\/wp\/v2\/users\/1"}],"replies":[{"embeddable":true,"href":"https:\/\/juventudes.social.mg.gov.br\/index.php?rest_route=%2Fwp%2Fv2%2Fcomments&post=6739"}],"version-history":[{"count":5,"href":"https:\/\/juventudes.social.mg.gov.br\/index.php?rest_route=\/wp\/v2\/pages\/6739\/revisions"}],"predecessor-version":[{"id":7893,"href":"https:\/\/juventudes.social.mg.gov.br\/index.php?rest_route=\/wp\/v2\/pages\/6739\/revisions\/7893"}],"up":[{"embeddable":true,"href":"https:\/\/juventudes.social.mg.gov.br\/index.php?rest_route=\/wp\/v2\/pages\/4684"}],"wp:featuredmedia":[{"embeddable":true,"href":"https:\/\/juventudes.social.mg.gov.br\/index.php?rest_route=\/wp\/v2\/media\/7894"}],"wp:attachment":[{"href":"https:\/\/juventudes.social.mg.gov.br\/index.php?rest_route=%2Fwp%2Fv2%2Fmedia&parent=6739"}],"curies":[{"name":"wp","href":"https:\/\/api.w.org\/{rel}","templated":true}]}}